{"id":105,"date":"2014-01-29T11:42:09","date_gmt":"2014-01-29T10:42:09","guid":{"rendered":"http:\/\/chateaudepraz.ch\/?page_id=105"},"modified":"2024-01-08T09:26:59","modified_gmt":"2024-01-08T08:26:59","slug":"das-chateau","status":"publish","type":"page","link":"https:\/\/www.chateaudepraz.ch\/de\/das-chateau\/","title":{"rendered":"Das Ch\u00e2teau"},"content":{"rendered":"<div class=\"the-content\"><p>Das Ch\u00e2teau de Praz wurde vor rund 400 Jahren von Doroth\u00e9e Velga (Fribourgerin) und ihrem Mann Jean-Rodolphe von Erlach (Berner) f\u00fcr den Betrieb einer neuen Weinpresse erbaut.<\/p>\n<p>Seit 1905 befindet sich das Ch\u00e2teau de Praz ausschliesslich im Familienbesitz der Familie Chervet. Der Grossvater von Maryl\u00e8ne Bovard-Chervet, Alfred Chervet hatte es von seiner Tante und Patin geerbt.<\/p>\n<p>Heute werden im urspr\u00fcnglichen Weinkeller des Ch\u00e2teau de Praz sortenreine Weine gekeltert. Die R\u00e4umlichkeiten des Weingutes bieten nach wie vor optimale Bedingungen f\u00fcr die Weinbereitung. Sie werden nach und nach im Einklang mit der Geschichte modernisiert. Im Jahr 2014 wurde der Weinkeller renoviert; im Jahr 2020 wurde der \u00e4lteste Teil des Hauses in ein Verkaufslokal mit Degustationsraum umgebaut.<\/p>\n<p>&nbsp;<\/p>\n<\/div>","protected":false},"excerpt":{"rendered":"<p>Das Ch\u00e2teau de Praz wurde vor rund 400 Jahren von Doroth\u00e9e Velga (Fribourgerin) und ihrem Mann Jean-Rodolphe von Erlach (Berner) f\u00fcr den Betrieb einer neuen Weinpresse erbaut. Seit 1905 befindet sich das Ch\u00e2teau de Praz ausschliesslich im Familienbesitz der Familie Chervet. Der Grossvater von Maryl\u00e8ne Bovard-Chervet, Alfred Chervet hatte es von seiner Tante und Patin [&hellip;]<\/p>\n","protected":false},"author":4,"featured_media":0,"parent":0,"menu_order":23,"comment_status":"closed","ping_status":"closed","template":"","meta":{"_acf_changed":false,"_exactmetrics_skip_tracking":false,"_exactmetrics_sitenote_active":false,"_exactmetrics_sitenote_note":"","_exactmetrics_sitenote_category":0,"footnotes":""},"class_list":["post-105","page","type-page","status-publish","hentry"],"acf":[],"_links":{"self":[{"href":"https:\/\/www.chateaudepraz.ch\/de\/wp-json\/wp\/v2\/pages\/105","targetHints":{"allow":["GET"]}}],"collection":[{"href":"https:\/\/www.chateaudepraz.ch\/de\/wp-json\/wp\/v2\/pages"}],"about":[{"href":"https:\/\/www.chateaudepraz.ch\/de\/wp-json\/wp\/v2\/types\/page"}],"author":[{"embeddable":true,"href":"https:\/\/www.chateaudepraz.ch\/de\/wp-json\/wp\/v2\/users\/4"}],"replies":[{"embeddable":true,"href":"https:\/\/www.chateaudepraz.ch\/de\/wp-json\/wp\/v2\/comments?post=105"}],"version-history":[{"count":0,"href":"https:\/\/www.chateaudepraz.ch\/de\/wp-json\/wp\/v2\/pages\/105\/revisions"}],"wp:attachment":[{"href":"https:\/\/www.chateaudepraz.ch\/de\/wp-json\/wp\/v2\/media?parent=105"}],"curies":[{"name":"wp","href":"https:\/\/api.w.org\/{rel}","templated":true}]}}