{"id":156,"date":"2014-01-29T11:42:27","date_gmt":"2014-01-29T10:42:27","guid":{"rendered":"http:\/\/chateaudepraz.ch\/?page_id=156"},"modified":"2025-05-27T15:46:47","modified_gmt":"2025-05-27T13:46:47","slug":"die-familie","status":"publish","type":"page","link":"https:\/\/www.chateaudepraz.ch\/de\/die-familie\/","title":{"rendered":"Die Familie"},"content":{"rendered":"<div class=\"the-content\"><p>Seit 14 Jahren f\u00fchren Maryl\u00e8ne und Louis Bovard-Chervet das Familienunternehmen Ch\u00e2teau de Praz mit Leidenschaft und Erfolg. Die beiden \u00d6nologen erg\u00e4nzen sich sehr gut; die Aufgabenteilung im Unternehmen war daher eine nat\u00fcrliche Gegebenheit: Louis Bovard ist f\u00fcr die Rebberge verantwortlich und Maryl\u00e8ne Bovard-Chervet kreiert die Weine.<\/p>\n<h5>Maryl\u00e8ne Bovard-Chervet<\/h5>\n<p>Das Probieren verschiedener Geschm\u00e4cker und die Degustation unterschiedlicher Weine haben Maryl\u00e8ne schon immer fasziniert. Diese Leidenschaft teilt sie am liebsten mit ihrer Familie bei einem guten Essen.<\/p>\n<p>In der Arbeit vertraut sie gerne ihrer Intuition. Ihr sorgf\u00e4ltiger Charakter f\u00fchrt sie dazu, nach Exzellenz im Ausdruck ihrer Weine und deren einzelnen Rebsorten sowie nach Nuancen zwischen den verschiedenen Jahrg\u00e4ngen zu suchen&#8230;<\/p>\n<h5>Louis Bovard<\/h5>\n<p>Urspr\u00fcnglich aus Epesses am Ufer des Genfersees (Waadt) stammend, wuchs Louis in einer Winzerfamilie auf. Er liebt die freie Natur; sei es im Rebberg, auf einem schneebedeckten Gipfel oder auf einem Segelboot&#8230;<\/p>\n<p>Mit grosser Sensibilit\u00e4t und Erfahrung k\u00fcmmert er sich um die 12 Hektaren Reben des Ch\u00e2teau de Praz. Auf seinen Anstoss hin hat das Gut mit der Umstellung auf \u00f6kologischen Weinbau begonnen.<\/p>\n<\/div>","protected":false},"excerpt":{"rendered":"<p>Seit 14 Jahren f\u00fchren Maryl\u00e8ne und Louis Bovard-Chervet das Familienunternehmen Ch\u00e2teau de Praz mit Leidenschaft und Erfolg. Die beiden \u00d6nologen erg\u00e4nzen sich sehr gut; die Aufgabenteilung im Unternehmen war daher eine nat\u00fcrliche Gegebenheit: Louis Bovard ist f\u00fcr die Rebberge verantwortlich und Maryl\u00e8ne Bovard-Chervet kreiert die Weine. Maryl\u00e8ne Bovard-Chervet Das Probieren verschiedener Geschm\u00e4cker und die Degustation [&hellip;]<\/p>\n","protected":false},"author":1,"featured_media":0,"parent":0,"menu_order":26,"comment_status":"closed","ping_status":"closed","template":"","meta":{"_acf_changed":false,"_exactmetrics_skip_tracking":false,"_exactmetrics_sitenote_active":false,"_exactmetrics_sitenote_note":"","_exactmetrics_sitenote_category":0,"footnotes":""},"class_list":["post-156","page","type-page","status-publish","hentry"],"acf":[],"_links":{"self":[{"href":"https:\/\/www.chateaudepraz.ch\/de\/wp-json\/wp\/v2\/pages\/156","targetHints":{"allow":["GET"]}}],"collection":[{"href":"https:\/\/www.chateaudepraz.ch\/de\/wp-json\/wp\/v2\/pages"}],"about":[{"href":"https:\/\/www.chateaudepraz.ch\/de\/wp-json\/wp\/v2\/types\/page"}],"author":[{"embeddable":true,"href":"https:\/\/www.chateaudepraz.ch\/de\/wp-json\/wp\/v2\/users\/1"}],"replies":[{"embeddable":true,"href":"https:\/\/www.chateaudepraz.ch\/de\/wp-json\/wp\/v2\/comments?post=156"}],"version-history":[{"count":0,"href":"https:\/\/www.chateaudepraz.ch\/de\/wp-json\/wp\/v2\/pages\/156\/revisions"}],"wp:attachment":[{"href":"https:\/\/www.chateaudepraz.ch\/de\/wp-json\/wp\/v2\/media?parent=156"}],"curies":[{"name":"wp","href":"https:\/\/api.w.org\/{rel}","templated":true}]}}