{"id":427,"date":"2014-01-29T13:14:56","date_gmt":"2014-01-29T12:14:56","guid":{"rendered":"http:\/\/chateaudepraz.ch\/?page_id=427"},"modified":"2026-03-31T09:52:30","modified_gmt":"2026-03-31T07:52:30","slug":"kontakt","status":"publish","type":"page","link":"https:\/\/www.chateaudepraz.ch\/de\/kontakt\/","title":{"rendered":"Kontakt"},"content":{"rendered":"<div class=\"the-content\"><p><strong>Ch\u00e2teau de Praz<\/strong><br \/>\nMaryl\u00e8ne et Louis Bovard-Chervet<br \/>\nRue du Ch\u00e2teau 3 \/ CH-1788 Praz-Vully \/ Schweiz<br \/>\nTel: 026 673 18 18<br \/>\n<a href=\"mailto:info@chateaudepraz.ch\">info@chateaudepraz.ch<\/a><\/p>\n<p><strong><br \/>\n\u00d6ffnungszeiten<br \/>\n<\/strong>Mittwoch, Donnerstag, Freitag: 9h &#8211; 12h et 14h &#8211; 17h30<br \/>\nSamstag: 9:30 &#8211; 15:30 Uhr<br \/>\nAusserhalb der \u00d6ffnungszeiten: nach Vereinbarung<\/p>\n<\/div>","protected":false},"excerpt":{"rendered":"<p>Ch\u00e2teau de Praz Maryl\u00e8ne et Louis Bovard-Chervet Rue du Ch\u00e2teau 3 \/ CH-1788 Praz-Vully \/ Schweiz Tel: 026 673 18 18 info@chateaudepraz.ch \u00d6ffnungszeiten Mittwoch, Donnerstag, Freitag: 9h &#8211; 12h et 14h &#8211; 17h30 Samstag: 9:30 &#8211; 15:30 Uhr Ausserhalb der \u00d6ffnungszeiten: nach Vereinbarung<\/p>\n","protected":false},"author":4,"featured_media":0,"parent":0,"menu_order":19,"comment_status":"closed","ping_status":"closed","template":"page-contact.php","meta":{"_acf_changed":false,"_exactmetrics_skip_tracking":false,"_exactmetrics_sitenote_active":false,"_exactmetrics_sitenote_note":"","_exactmetrics_sitenote_category":0,"footnotes":""},"class_list":["post-427","page","type-page","status-publish","hentry"],"acf":[],"_links":{"self":[{"href":"https:\/\/www.chateaudepraz.ch\/de\/wp-json\/wp\/v2\/pages\/427","targetHints":{"allow":["GET"]}}],"collection":[{"href":"https:\/\/www.chateaudepraz.ch\/de\/wp-json\/wp\/v2\/pages"}],"about":[{"href":"https:\/\/www.chateaudepraz.ch\/de\/wp-json\/wp\/v2\/types\/page"}],"author":[{"embeddable":true,"href":"https:\/\/www.chateaudepraz.ch\/de\/wp-json\/wp\/v2\/users\/4"}],"replies":[{"embeddable":true,"href":"https:\/\/www.chateaudepraz.ch\/de\/wp-json\/wp\/v2\/comments?post=427"}],"version-history":[{"count":0,"href":"https:\/\/www.chateaudepraz.ch\/de\/wp-json\/wp\/v2\/pages\/427\/revisions"}],"wp:attachment":[{"href":"https:\/\/www.chateaudepraz.ch\/de\/wp-json\/wp\/v2\/media?parent=427"}],"curies":[{"name":"wp","href":"https:\/\/api.w.org\/{rel}","templated":true}]}}