{"id":95,"date":"2014-01-29T11:41:05","date_gmt":"2014-01-29T10:41:05","guid":{"rendered":"http:\/\/chateaudepraz.ch\/?page_id=95"},"modified":"2025-11-06T08:33:29","modified_gmt":"2025-11-06T07:33:29","slug":"gruppenempfang","status":"publish","type":"page","link":"https:\/\/www.chateaudepraz.ch\/de\/gruppenempfang\/","title":{"rendered":"Klassisch"},"content":{"rendered":"<div class=\"the-content\"><p>Ob Weinkenner oder Weinliebhaber, wir empfangen Sie gern nach vorheriger Terminvereinbarung im Ch\u00e2teau de Praz, zu einer Kellereibesichtigung mit anschlie\u00dfender Verkostung.<\/p>\n<p>Wir freuen uns auf Ihren Besuch.<\/p>\n<p><strong>Dauer:<\/strong> 1 bis 1.5 Stunden<br \/>\n<strong>Kapazit\u00e4t:<\/strong> bis 24 Personen<br \/>\n<strong>Ort:<\/strong> in unseren neu gestalteten R\u00e4umlichkeiten f\u00fcr Empfang und Verkauf<br \/>\noder bei Sch\u00f6nwetter Degustation im Garten mit Seesicht<br \/>\n<strong>Degustation:<\/strong> 3-4 Weine begleitet von einem herzhaften Vully-Kuchen aus der Region und vorgestellt von einer Fachperson<br \/>\n<strong>Preis: <\/strong>CHF 28.- pro Person (kleine Gruppen bis 8 Personen: CHF 230.- pauschal)<br \/>\n<strong>Sprache:<\/strong> Deutsch oder Franz\u00f6sisch<\/p>\n<p>Degustationen sind von Montag bis Samstag m\u00f6glich; der Sonntag ist unser Ruhetag. F\u00fcr eine detaillierte Offerte oder weitere Informationen stehen wir Ihnen jederzeit gern zur Verf\u00fcgung.<\/p>\n<p><strong>Mail:<\/strong> <a href=\"mailto:info@chateaudepraz.ch\">info@chateaudepraz.ch<\/a><br \/>\n<strong>Telefon:<\/strong> 026 673 18 18<\/p>\n<\/div>","protected":false},"excerpt":{"rendered":"<p>Ob Weinkenner oder Weinliebhaber, wir empfangen Sie gern nach vorheriger Terminvereinbarung im Ch\u00e2teau de Praz, zu einer Kellereibesichtigung mit anschlie\u00dfender Verkostung. Wir freuen uns auf Ihren Besuch. Dauer: 1 bis 1.5 Stunden Kapazit\u00e4t: bis 24 Personen Ort: in unseren neu gestalteten R\u00e4umlichkeiten f\u00fcr Empfang und Verkauf oder bei Sch\u00f6nwetter Degustation im Garten mit Seesicht Degustation: [&hellip;]<\/p>\n","protected":false},"author":1,"featured_media":0,"parent":0,"menu_order":25,"comment_status":"closed","ping_status":"closed","template":"page-degustation.php","meta":{"_acf_changed":false,"_exactmetrics_skip_tracking":false,"_exactmetrics_sitenote_active":false,"_exactmetrics_sitenote_note":"","_exactmetrics_sitenote_category":0,"footnotes":""},"class_list":["post-95","page","type-page","status-publish","hentry"],"acf":[],"_links":{"self":[{"href":"https:\/\/www.chateaudepraz.ch\/de\/wp-json\/wp\/v2\/pages\/95","targetHints":{"allow":["GET"]}}],"collection":[{"href":"https:\/\/www.chateaudepraz.ch\/de\/wp-json\/wp\/v2\/pages"}],"about":[{"href":"https:\/\/www.chateaudepraz.ch\/de\/wp-json\/wp\/v2\/types\/page"}],"author":[{"embeddable":true,"href":"https:\/\/www.chateaudepraz.ch\/de\/wp-json\/wp\/v2\/users\/1"}],"replies":[{"embeddable":true,"href":"https:\/\/www.chateaudepraz.ch\/de\/wp-json\/wp\/v2\/comments?post=95"}],"version-history":[{"count":0,"href":"https:\/\/www.chateaudepraz.ch\/de\/wp-json\/wp\/v2\/pages\/95\/revisions"}],"wp:attachment":[{"href":"https:\/\/www.chateaudepraz.ch\/de\/wp-json\/wp\/v2\/media?parent=95"}],"curies":[{"name":"wp","href":"https:\/\/api.w.org\/{rel}","templated":true}]}}