{"id":3941,"date":"2020-04-01T15:19:10","date_gmt":"2020-04-01T13:19:10","guid":{"rendered":"https:\/\/www.chateaudepraz.ch\/produit\/traminer\/"},"modified":"2026-04-02T15:13:58","modified_gmt":"2026-04-02T13:13:58","slug":"traminer","status":"publish","type":"product","link":"https:\/\/www.chateaudepraz.ch\/de\/produit\/traminer\/","title":{"rendered":"Traminer 2025"},"content":{"rendered":"<div class=\"the-content\"><p><img loading=\"lazy\" decoding=\"async\" class=\"alignnone size-full wp-image-9510\" src=\"https:\/\/www.chateaudepraz.ch\/wp-content\/uploads\/traminer-2025.png\" alt=\"\" width=\"1067\" height=\"1124\" srcset=\"https:\/\/www.chateaudepraz.ch\/wp-content\/uploads\/traminer-2025.png 1067w, https:\/\/www.chateaudepraz.ch\/wp-content\/uploads\/traminer-2025-484x510.png 484w, https:\/\/www.chateaudepraz.ch\/wp-content\/uploads\/traminer-2025-768x809.png 768w, https:\/\/www.chateaudepraz.ch\/wp-content\/uploads\/traminer-2025-600x632.png 600w, https:\/\/www.chateaudepraz.ch\/wp-content\/uploads\/traminer-2025-300x316.png 300w, https:\/\/www.chateaudepraz.ch\/wp-content\/uploads\/traminer-2025-100x105.png 100w\" sizes=\"auto, (max-width: 1067px) 100vw, 1067px\" \/><\/p>\n<\/div>","protected":false},"excerpt":{"rendered":"<p>Vor mehr als 80 wurden die ersten Gew\u00fcrztraminer-St\u00f6cke am Vully angepflanzt. Um die Aussprache zu erleichtern, wurde der Wein Traminer genannt.<br \/>\nDer Boden und das Klima am Vully stellen ideale Bedingungen dar, um die Aromatik dieser Traubensorte hervorzubringen.<br \/>\nDer Traminer wird aus Tradition trocken ausgebaut.<\/p>\n<h4>Auszeichnungen<\/h4>\n<p><strong>Traminer 2023, <\/strong>Silvermedaille am <a href=\"https:\/\/www.chateaudepraz.ch\/wp-content\/uploads\/certificats-awc-vienna-2024-tr2375-silver.pdf\">AWC Vienna<\/a>, International Wine Challenge 2024<strong><br \/>\nTraminer 2022, <\/strong>Silvermedaille am <a href=\"https:\/\/www.chateaudepraz.ch\/wp-content\/uploads\/certificats-awc-vienna-2024-tr2275-silver.pdf\">AWC Vienna<\/a>, International Wine Challenge 2024<strong><br \/>\n<\/strong><strong>Traminer 2022<\/strong>, Goldmedaille am Grand Prix du Vin Suisse 2023<\/p>\n<h4>Degustationsbeschriebe<\/h4>\n<p><a href=\"http:\/\/www.chateaudepraz.ch\/wp-content\/uploads\/traminer-2017.bmp\">Traminer 2017 im &#8222;Vinum&#8220;<\/a><\/p>\n<h4><span class=\"red\">Jahrgang 2025<\/span><\/h4>\n<p><span class=\"red\">Es gibt bestimmte Momente im Weinkeller, die ich besonders sch\u00e4tze. Wenn am fr\u00fchen Morgen, nachdem die Trauben \u00fcber Nacht im Saft verweilten, ich den ersten Saft aus der Presse ablaufen lasse und pl\u00f6tzlich dieses erste Gef\u00fchl habe, dass alles schon an seinem Platz ist &#8211; dass es ein grossartiger Wein werden wird!<\/span><\/p>\n<p><span class=\"red\">Ein kraftvoller fruchtiger Duft erf\u00fcllt den Keller, ich probiere den Most, dessen Geschmack ebenso intensiv ist. Bis zu diesem Schritt waren alle Entscheidungen und Arbeiten, die durchgef\u00fchrt wurden, um eine perfekte Reife der Trauben zu erreichen, richtig. Die Intuition, sich w\u00e4hrend der Hektik der Weinlese die Zeit zu nehmen, um das Beste aus den Trauben herauszuholen, war recht. Von diesem Moment an \u201egen\u00fcgt\u201d es, sich zur\u00fcckzuhalten und Geduld zu zeigen.<\/span><\/p>\n<p><span class=\"red\">Der Traminer 2025 ist von dieser Art. Die Noten von Nelken, die man darin wahrnimmt, sind ein Zeichen daf\u00fcr, dass er sich noch etwas zur\u00fcckh\u00e4lt. Nun liegt es an Ihnen, zu warten, bis er seine ganze Kraft entfaltet.<\/span><\/p>\n<p><strong>Genussreife<\/strong><br \/>\nab Herbst 2026 bis 10 Jahren\u2026<\/p>\n<p><strong>Trinktemperatur<\/strong><br \/>\n12\u00b0C<\/p>\n<p><strong>Analytische Daten<\/strong><br \/>\n13.8 %vol, enth\u00e4lt Sulfite<\/p>\n<h4><strong>Vergangene Jahrg\u00e4nge<\/strong><\/h4>\n<p><a href=\"https:\/\/www.chateaudepraz.ch\/wp-content\/uploads\/vully-description-des-vins-2024-traminer-de.pdf\">Beschrieb Ch\u00e2teau de Praz, Traminer, 2024 &#8211; PDF<\/a><br \/>\n<a href=\"https:\/\/www.chateaudepraz.ch\/wp-content\/uploads\/beschrieb-chateau-de-praz-traminer-2023-pdf-1.pdf\">Beschrieb Ch\u00e2teau de Praz, Traminer, 2023 &#8211; PDF<\/a><br \/>\n<a href=\"https:\/\/www.chateaudepraz.ch\/wp-content\/uploads\/beschrieb-chateau-de-praz-traminer-2022-pdf.pdf\">Beschrieb Ch\u00e2teau de Praz, Traminer, 2022 &#8211; PDF<\/a><br \/>\n<a href=\"https:\/\/www.chateaudepraz.ch\/wp-content\/uploads\/tr21.pdf\">Beschrieb Ch\u00e2teau de Praz, Traminer, 2021- PDF<\/a><br \/>\n<a href=\"https:\/\/www.chateaudepraz.ch\/wp-content\/uploads\/traminer-20.pdf\">Beschrieb Ch\u00e2teau de Praz, Traminer, 2020-PDF<\/a><br \/>\n<a href=\"https:\/\/www.chateaudepraz.ch\/wp-content\/uploads\/traminer-2019.pdf\">Beschrieb Ch\u00e2teau de Praz, Traminer, 2019 &#8211; PDF<\/a><br \/>\n<a href=\"https:\/\/www.chateaudepraz.ch\/wp-content\/uploads\/traminer-2018.pdf\">Beschrieb Ch\u00e2teau de Praz, Traminer, 2018 &#8211; PDF<\/a><br \/>\n<a href=\"https:\/\/www.chateaudepraz.ch\/wp-content\/uploads\/gewurztraminer-2017.pdf\">Beschrieb Ch\u00e2teau de Praz, Gew\u00fcrztraminer, 2017 \u2013 PDF<\/a><\/p>\n","protected":false},"featured_media":9780,"template":"","meta":{"_acf_changed":false,"_exactmetrics_skip_tracking":false,"_exactmetrics_sitenote_active":false,"_exactmetrics_sitenote_note":"","_exactmetrics_sitenote_category":0},"product_brand":[],"product_cat":[383],"product_tag":[],"class_list":{"0":"post-3941","1":"product","2":"type-product","3":"status-publish","4":"has-post-thumbnail","6":"product_cat-weissweine","7":"pa_contenance-75-cl-de","9":"first","10":"instock","11":"taxable","12":"shipping-taxable","13":"product-type-variable","14":"has-default-attributes"},"acf":[],"_links":{"self":[{"href":"https:\/\/www.chateaudepraz.ch\/de\/wp-json\/wp\/v2\/product\/3941","targetHints":{"allow":["GET"]}}],"collection":[{"href":"https:\/\/www.chateaudepraz.ch\/de\/wp-json\/wp\/v2\/product"}],"about":[{"href":"https:\/\/www.chateaudepraz.ch\/de\/wp-json\/wp\/v2\/types\/product"}],"wp:featuredmedia":[{"embeddable":true,"href":"https:\/\/www.chateaudepraz.ch\/de\/wp-json\/wp\/v2\/media\/9780"}],"wp:attachment":[{"href":"https:\/\/www.chateaudepraz.ch\/de\/wp-json\/wp\/v2\/media?parent=3941"}],"wp:term":[{"taxonomy":"product_brand","embeddable":true,"href":"https:\/\/www.chateaudepraz.ch\/de\/wp-json\/wp\/v2\/product_brand?post=3941"},{"taxonomy":"product_cat","embeddable":true,"href":"https:\/\/www.chateaudepraz.ch\/de\/wp-json\/wp\/v2\/product_cat?post=3941"},{"taxonomy":"product_tag","embeddable":true,"href":"https:\/\/www.chateaudepraz.ch\/de\/wp-json\/wp\/v2\/product_tag?post=3941"}],"curies":[{"name":"wp","href":"https:\/\/api.w.org\/{rel}","templated":true}]}}