{"id":3943,"date":"2020-04-01T15:13:53","date_gmt":"2020-04-01T13:13:53","guid":{"rendered":"https:\/\/www.chateaudepraz.ch\/produit\/riesling\/"},"modified":"2026-04-02T16:25:33","modified_gmt":"2026-04-02T14:25:33","slug":"riesling","status":"publish","type":"product","link":"https:\/\/www.chateaudepraz.ch\/de\/produit\/riesling\/","title":{"rendered":"Riesling 2025"},"content":{"rendered":"<div class=\"the-content\"><p><img loading=\"lazy\" decoding=\"async\" class=\"alignnone size-full wp-image-8534\" src=\"https:\/\/www.chateaudepraz.ch\/wp-content\/uploads\/riesling-2024.png\" alt=\"\" width=\"1067\" height=\"1124\" srcset=\"https:\/\/www.chateaudepraz.ch\/wp-content\/uploads\/riesling-2024.png 1067w, https:\/\/www.chateaudepraz.ch\/wp-content\/uploads\/riesling-2024-484x510.png 484w, https:\/\/www.chateaudepraz.ch\/wp-content\/uploads\/riesling-2024-768x809.png 768w, https:\/\/www.chateaudepraz.ch\/wp-content\/uploads\/riesling-2024-600x632.png 600w, https:\/\/www.chateaudepraz.ch\/wp-content\/uploads\/riesling-2024-300x316.png 300w, https:\/\/www.chateaudepraz.ch\/wp-content\/uploads\/riesling-2024-100x105.png 100w\" sizes=\"auto, (max-width: 1067px) 100vw, 1067px\" \/><\/p>\n<\/div>","protected":false},"excerpt":{"rendered":"<p>Die Idee, diese Rebsorte auf dem Weingut anzupflanzen, entstand unter dem Anstoss von Louis. W\u00e4hrend seiner zahlreichen Praktika in Deutschland hat er sich mit den Besonderheiten dieser Rebsorte vertraut machen k\u00f6nnen und sie sehr sch\u00e4tzen gelernt.<br \/>\nDie Wahl des Terroirs ist entscheidend f\u00fcr die Qualit\u00e4t dieses Weines. Unser Riesling gewinnt jedes Jahr an Geschmack und Komplexit\u00e4t.<br \/>\nDer Riesling bringt von Natur aus viel Frische mit, typischerweise gepaart mit einer intensiven Mineralit\u00e4t. Das macht den Riesling zu einem guten Lagerwein.<\/p>\n<h4><span class=\"red\">Jahrgang 2024<\/span><\/h4>\n<p><span class=\"red\">Dies ist unser zehnter Jahrgang Riesling. Mit den Jahren beobachten wir voller Faszination, wie die Rebe ihr Gleichgewicht findet. Die Vinifikation wird zunehmend einfacher, und der Wein gewinnt an Ausdruck, Tiefe und Komplexit\u00e4t.<\/span><\/p>\n<p><span class=\"red\">Um den besten Erntezeitpunkt zu w\u00e4hlen, braucht es Geduld \u2013 das haben wir gelernt. Im Jahr 2024 war es der 21. Oktober, eine Woche nach dem offiziellen Abschluss unserer Weinlese!<\/span><\/p>\n<p><span class=\"red\">Die Rebsorte Riesling bringt von Natur aus viel Frische mit. Um dem Wein mehr Rundung und aromatische Komplexit\u00e4t zu verleihen, haben wir uns w\u00e4hrend des Ausbaus f\u00fcr regelm\u00e4ssiges Aufr\u00fchren der Feinhefe (B\u00e2tonnage) entschieden.<\/span><\/p>\n<p><span class=\"red\">Apfel, Pink Grapefruit, Zitrus \u2013 schon beim ersten Duft dominieren fruchtige Noten. Am Gaumen zeigt sich der Wein erfrischend und animierend \u2013 ein idealer Begleiter zu einer gro\u00dfen Bandbreite an Speisen. Die besten kulinarischen Kombinationen entstehen oft durch Kontraste: Wir empfehlen ein cremiges Gericht wie Lauch-Gruy\u00e8re-Risotto oder ein Pastinaken-Velout\u00e9.<\/span><\/p>\n<p><strong>Genussreife<\/strong><br \/>\nab sofort, bis in 2 Jahren<\/p>\n<p><strong>Trinktemperatur<\/strong><br \/>\n12\u00b0C<\/p>\n<p><strong>Analytische Daten<\/strong><br \/>\n12% vol, enth\u00e4lt Sulfite<\/p>\n<h4>Vergangene Jahrg\u00e4nge<\/h4>\n<p><span class=\"red\"><a href=\"https:\/\/www.chateaudepraz.ch\/wp-content\/uploads\/vully-description-des-vins-2024-riesling-de.pdf\">Beschrieb Ch\u00e2teau de Praz, Riesling, 2024 &#8211; PDF<\/a><br \/>\n<a href=\"https:\/\/www.chateaudepraz.ch\/wp-content\/uploads\/beschrieb-chateau-de-praz-riesling-2023-pdf-1.pdf\">Beschrieb Ch\u00e2teau de Praz, Riesling, 2023 &#8211; PDF<\/a><\/span><br \/>\n<span class=\"red\"><a href=\"https:\/\/www.chateaudepraz.ch\/wp-content\/uploads\/rri21.pdf\">Beschrieb Ch\u00e2teau de Praz, Riesling, 2021 &#8211; PDF<\/a><\/span><br \/>\n<span class=\"red\"><a href=\"https:\/\/www.chateaudepraz.ch\/wp-content\/uploads\/riesling-20.pdf\">Beschrieb Ch\u00e2teau de Praz, Riesling, 2020 &#8211; PDF<\/a><\/span><br \/>\n<a href=\"https:\/\/www.chateaudepraz.ch\/wp-content\/uploads\/riesling-2019.pdf\">Beschrieb Ch\u00e2teau de Praz, Riesling, 2019 &#8211; PDF<\/a><br \/>\n<a href=\"https:\/\/www.chateaudepraz.ch\/wp-content\/uploads\/riesling-2018.pdf\">Beschrieb Ch\u00e2teau de Praz, Riesling, 2018 \u2013 PDF<\/a><br \/>\n<a href=\"https:\/\/www.chateaudepraz.ch\/wp-content\/uploads\/riesling.pdf\">Beschrieb Ch\u00e2teau de Praz, Riesling, 2017 \u2013 PDF<\/a><\/p>\n<p>&nbsp;<\/p>\n","protected":false},"featured_media":9774,"template":"","meta":{"_acf_changed":false,"_exactmetrics_skip_tracking":false,"_exactmetrics_sitenote_active":false,"_exactmetrics_sitenote_note":"","_exactmetrics_sitenote_category":0},"product_brand":[],"product_cat":[383],"product_tag":[],"class_list":{"0":"post-3943","1":"product","2":"type-product","3":"status-publish","4":"has-post-thumbnail","6":"product_cat-weissweine","7":"pa_contenance-75-cl-de","9":"first","10":"instock","11":"taxable","12":"shipping-taxable","13":"purchasable","14":"product-type-variable","15":"has-default-attributes"},"acf":[],"_links":{"self":[{"href":"https:\/\/www.chateaudepraz.ch\/de\/wp-json\/wp\/v2\/product\/3943","targetHints":{"allow":["GET"]}}],"collection":[{"href":"https:\/\/www.chateaudepraz.ch\/de\/wp-json\/wp\/v2\/product"}],"about":[{"href":"https:\/\/www.chateaudepraz.ch\/de\/wp-json\/wp\/v2\/types\/product"}],"wp:featuredmedia":[{"embeddable":true,"href":"https:\/\/www.chateaudepraz.ch\/de\/wp-json\/wp\/v2\/media\/9774"}],"wp:attachment":[{"href":"https:\/\/www.chateaudepraz.ch\/de\/wp-json\/wp\/v2\/media?parent=3943"}],"wp:term":[{"taxonomy":"product_brand","embeddable":true,"href":"https:\/\/www.chateaudepraz.ch\/de\/wp-json\/wp\/v2\/product_brand?post=3943"},{"taxonomy":"product_cat","embeddable":true,"href":"https:\/\/www.chateaudepraz.ch\/de\/wp-json\/wp\/v2\/product_cat?post=3943"},{"taxonomy":"product_tag","embeddable":true,"href":"https:\/\/www.chateaudepraz.ch\/de\/wp-json\/wp\/v2\/product_tag?post=3943"}],"curies":[{"name":"wp","href":"https:\/\/api.w.org\/{rel}","templated":true}]}}