{"id":3947,"date":"2020-04-01T14:59:35","date_gmt":"2020-04-01T12:59:35","guid":{"rendered":"https:\/\/www.chateaudepraz.ch\/produit\/freiburger\/"},"modified":"2026-04-02T15:06:47","modified_gmt":"2026-04-02T13:06:47","slug":"freiburger","status":"publish","type":"product","link":"https:\/\/www.chateaudepraz.ch\/de\/produit\/freiburger\/","title":{"rendered":"Freiburger 2025"},"content":{"rendered":"<div class=\"the-content\"><p><img loading=\"lazy\" decoding=\"async\" class=\"alignnone size-full wp-image-9488\" src=\"https:\/\/www.chateaudepraz.ch\/wp-content\/uploads\/freiburger-2025.png\" alt=\"\" width=\"1067\" height=\"1124\" srcset=\"https:\/\/www.chateaudepraz.ch\/wp-content\/uploads\/freiburger-2025.png 1067w, https:\/\/www.chateaudepraz.ch\/wp-content\/uploads\/freiburger-2025-484x510.png 484w, https:\/\/www.chateaudepraz.ch\/wp-content\/uploads\/freiburger-2025-768x809.png 768w, https:\/\/www.chateaudepraz.ch\/wp-content\/uploads\/freiburger-2025-600x632.png 600w, https:\/\/www.chateaudepraz.ch\/wp-content\/uploads\/freiburger-2025-300x316.png 300w, https:\/\/www.chateaudepraz.ch\/wp-content\/uploads\/freiburger-2025-100x105.png 100w\" sizes=\"auto, (max-width: 1067px) 100vw, 1067px\" \/><\/p>\n<\/div>","protected":false},"excerpt":{"rendered":"<p>Der Freiburger (auch Freisamer genannt) ist eine Kreuzung von Silvaner und Pinot Gris und stammt urspr\u00fcnglich aus Freiburg im Breisgau (D).<br \/>\nHeute wird er nur noch im Vully und selten auf Weing\u00fctern der Deutschschweiz angebaut. Das Ch\u00e2teau de Praz kultiviert bereits seit 80 Jahren Freiburger; er ist eine der wichtigsten weissen Spezilit\u00e4ten unseres Weinguts.<br \/>\nDie Trauben sind klein und saftig. W\u00e4hrend der Ernte weisen sie regelm\u00e4ssig sehr hohe Oechslegrade (Zuckergehalt) bei \u00fcber 100\u00b0Oe auf. Sie erm\u00f6glichen uns die Vinifikation eines charakterstarken Weins, der Frische und Reichtum vereint.<\/p>\n<h4>Degustationsbeschiebe<\/h4>\n<p><a href=\"https:\/\/www.chateaudepraz.ch\/wp-content\/uploads\/fn-xxx-20240514-001-003.pdf\">Freiburger 2023, Freiburger Nachrichten 14. Mai 2024<\/a><\/p>\n<p><strong>AUSZEICHNUNGEN<\/strong><br \/>\n<strong>Freiburger 2023<\/strong>, Silvermedaille am <a href=\"https:\/\/www.chateaudepraz.ch\/wp-content\/uploads\/certificats-awc-vienna-2024-fr2375-silver.pdf\">AWC Vienna<\/a>, International Wine Challenge 2024<br \/>\n<strong>Freiburger 2022<\/strong>, Goldmedaille am <a href=\"https:\/\/www.chateaudepraz.ch\/wp-content\/uploads\/certificats-awc-vienna-2024-fr2275-gold.pdf\">AWC Vienna<\/a>, International Wine Challenge 2024<\/p>\n<h4><span class=\"red\">Jahrgang 2025<\/span><\/h4>\n<p><span class=\"red\">Im Vully erm\u00f6glicht die Rebsorte Freiburger die Herstellung von Weissweinen mit sehr hohem Lagerungspotenzial. Der Saft weist sowohl einen hohen Zuckergehalt (\u00b0Oe) als auch einen hohen S\u00e4uregehalt auf.<\/span><\/p>\n<p><span class=\"red\">Um diesen Reichtum zu erkunden, vinifizieren wir seit vielen Jahren einen Teil der Trauben mit Schalenmazeration. F\u00fcr den Jahrgang 2025 haben wir zudem eine alkoholische G\u00e4rung im Qvevri (Orange Wein) durchgef\u00fchrt.<\/span><\/p>\n<p><span class=\"red\">Am Ende der G\u00e4rung wurde dieser tanninhaltige Orangewein zu 5 % dem \u201eklassisch\u201c vinifizierten Teil beigef\u00fcgt. Der anschliessende Ausbau auf der Feinhefe erm\u00f6glichte es, den Wein zu einem sehr harmonischen Ganzen zu verbinden.<\/span><\/p>\n<p><span class=\"red\">In der Nase dominiert die Fruchtigkeit, unterstrichen von einer zarten Note weisser Bl\u00fcten. Dynamik und Struktur pr\u00e4gen den Eindruck am Gaumen. Ein Freiburger, der bereits jetzt sehr ausdrucksstark ist und seine ganze Kraft nach einigen Monaten Lagerung entfalten wird.<\/span><\/p>\n<p><strong>Genussreife<\/strong><br \/>\n1 bis 8 Jahre<\/p>\n<p><strong>Trinktemperatur<\/strong><br \/>\n12\u00b0C<\/p>\n<p><strong>Analytische Daten<\/strong><br \/>\n14% vol, enth\u00e4lt Sulfite<\/p>\n<h4>Vergangene Jahrg\u00e4nge<\/h4>\n<p><a href=\"https:\/\/www.chateaudepraz.ch\/wp-content\/uploads\/vully-description-des-vins-2024-freiburger-de.pdf\">Beschrieb Ch\u00e2teau de Praz, Freiburger, 2024 &#8211; PDF<\/a><br \/>\n<a href=\"https:\/\/www.chateaudepraz.ch\/wp-content\/uploads\/beschrieb-chateau-de-praz-freiburger-2023-pdf-1.pdf\">Beschrieb Ch\u00e2teau de Praz, Freiburger, 2023 &#8211; PDF<\/a><br \/>\n<a href=\"https:\/\/www.chateaudepraz.ch\/wp-content\/uploads\/beschrieb-chateau-de-praz-freisamer-2022-pdf.pdf\">Beschrieb Ch\u00e2teau de Praz, Freisamer, 2022 &#8211; PDF<\/a><br \/>\n<a href=\"https:\/\/www.chateaudepraz.ch\/wp-content\/uploads\/fr21.pdf\">Beschrieb Ch\u00e2teau de Praz, Freiburger, 2021 &#8211; PDF<\/a><br \/>\n<a href=\"https:\/\/www.chateaudepraz.ch\/wp-content\/uploads\/freiburger-20.pdf\">Beschrieb Ch\u00e2teau de Praz, Freiburger, 2020 &#8211; PDF<\/a><br \/>\n<a href=\"https:\/\/www.chateaudepraz.ch\/wp-content\/uploads\/freiburger-2019.pdf\">Beschrieb Ch\u00e2teau de Praz, Freiburger, 2019 &#8211; PDF<\/a><br \/>\n<a href=\"https:\/\/www.chateaudepraz.ch\/wp-content\/uploads\/freiburger-2018.pdf\">Beschrieb Ch\u00e2teau de Praz, Freiburger, 2018 \u2013 PDF<\/a><br \/>\n<a href=\"https:\/\/www.chateaudepraz.ch\/wp-content\/uploads\/freiburger-2017.pdf\">Beschrieb Ch\u00e2teau de Praz, Freiburger, 2017 \u2013 PDF<\/a><\/p>\n","protected":false},"featured_media":9760,"template":"","meta":{"_acf_changed":false,"_exactmetrics_skip_tracking":false,"_exactmetrics_sitenote_active":false,"_exactmetrics_sitenote_note":"","_exactmetrics_sitenote_category":0},"product_brand":[],"product_cat":[383],"product_tag":[],"class_list":{"0":"post-3947","1":"product","2":"type-product","3":"status-publish","4":"has-post-thumbnail","6":"product_cat-weissweine","7":"pa_contenance-150-cl-de","8":"pa_contenance-50-cl-de","9":"pa_contenance-75-cl-de","11":"first","12":"instock","13":"taxable","14":"shipping-taxable","15":"purchasable","16":"product-type-variable","17":"has-default-attributes"},"acf":[],"_links":{"self":[{"href":"https:\/\/www.chateaudepraz.ch\/de\/wp-json\/wp\/v2\/product\/3947","targetHints":{"allow":["GET"]}}],"collection":[{"href":"https:\/\/www.chateaudepraz.ch\/de\/wp-json\/wp\/v2\/product"}],"about":[{"href":"https:\/\/www.chateaudepraz.ch\/de\/wp-json\/wp\/v2\/types\/product"}],"wp:featuredmedia":[{"embeddable":true,"href":"https:\/\/www.chateaudepraz.ch\/de\/wp-json\/wp\/v2\/media\/9760"}],"wp:attachment":[{"href":"https:\/\/www.chateaudepraz.ch\/de\/wp-json\/wp\/v2\/media?parent=3947"}],"wp:term":[{"taxonomy":"product_brand","embeddable":true,"href":"https:\/\/www.chateaudepraz.ch\/de\/wp-json\/wp\/v2\/product_brand?post=3947"},{"taxonomy":"product_cat","embeddable":true,"href":"https:\/\/www.chateaudepraz.ch\/de\/wp-json\/wp\/v2\/product_cat?post=3947"},{"taxonomy":"product_tag","embeddable":true,"href":"https:\/\/www.chateaudepraz.ch\/de\/wp-json\/wp\/v2\/product_tag?post=3947"}],"curies":[{"name":"wp","href":"https:\/\/api.w.org\/{rel}","templated":true}]}}