{"id":3958,"date":"2020-04-01T14:24:23","date_gmt":"2020-04-01T12:24:23","guid":{"rendered":"https:\/\/www.chateaudepraz.ch\/produit\/gamaret\/"},"modified":"2026-04-29T13:33:07","modified_gmt":"2026-04-29T11:33:07","slug":"gamaret","status":"publish","type":"product","link":"https:\/\/www.chateaudepraz.ch\/de\/produit\/gamaret\/","title":{"rendered":"Gamaret 2025"},"content":{"rendered":"<div class=\"the-content\"><p><img loading=\"lazy\" decoding=\"async\" class=\"alignnone size-full wp-image-9490\" src=\"https:\/\/www.chateaudepraz.ch\/wp-content\/uploads\/gamaret-2025.png\" alt=\"\" width=\"1067\" height=\"1124\" srcset=\"https:\/\/www.chateaudepraz.ch\/wp-content\/uploads\/gamaret-2025.png 1067w, https:\/\/www.chateaudepraz.ch\/wp-content\/uploads\/gamaret-2025-484x510.png 484w, https:\/\/www.chateaudepraz.ch\/wp-content\/uploads\/gamaret-2025-768x809.png 768w, https:\/\/www.chateaudepraz.ch\/wp-content\/uploads\/gamaret-2025-600x632.png 600w, https:\/\/www.chateaudepraz.ch\/wp-content\/uploads\/gamaret-2025-300x316.png 300w, https:\/\/www.chateaudepraz.ch\/wp-content\/uploads\/gamaret-2025-100x105.png 100w\" sizes=\"auto, (max-width: 1067px) 100vw, 1067px\" \/><\/p>\n<\/div>","protected":false},"excerpt":{"rendered":"<p>Der Gamaret ist eine Schweizer Rebsorte. Er wurde 1970 von der Eidgen\u00f6ssischen Landwirtschaftlichen Forschungsanstalt Changins (Agroscope) entwickelt. Es handelt sich um eine Kreuzung zwischen den Sorten Reichensteiner und Gamay.<br \/>\nIm Vully stellt er eine ideale Alternative zum Pinot Noir dar, da er etwas sp\u00e4ter reift und eine geringe Empfindlichkeit gegen\u00fcber Botrytis aufweist.<br \/>\nDer Fokus der Vinifikation unseres Gamarets liegt sowohl auf der fruchtigen als auch auf der eleganten Seite, mit dem Ziel, dass dieser Wein jung genossen werden kann.<\/p>\n<h4>Degustationsbeschriebe<\/h4>\n<p><a href=\"https:\/\/www.chateaudepraz.ch\/wp-content\/uploads\/le-menu-d-juni2024-1.pdf\">Gamaret 2023, Le Menu, 6. Juni 2024<\/a><\/p>\n<h4>Auszeichnungen<\/h4>\n<p><strong>Gamaret 2018<\/strong> Silbermedaille am Grand Prix du Vin Suisse 2019<\/p>\n<h4><span class=\"red\">Jahrgang 2024<\/span><\/h4>\n<p><span class=\"red\">Ein Wein, der durch seine Dichte \u00fcberrascht. <\/span><span class=\"red\">Die Lese fand am 12. Oktober statt, bei einer Au\u00dfentemperatur von etwa 10\u202f\u00b0C. <\/span><span class=\"red\">Die alkoholische G\u00e4rung begann spontan mit indigenen Hefen nach drei Tagen Kaltmazeration auf der Maische. Diese Kontaktzeit beg\u00fcnstigt eine sanfte Extraktion der fruchtigen Aromen. Zur Unterst\u00fctzung eines gleichm\u00e4\u00dfigen G\u00e4rverlaufs erfolgte zur H\u00e4lfte der G\u00e4rung eine gezielte Hefezugabe.<\/span><\/p>\n<p><span class=\"red\">Um die Struktur und den kraftvollen, leicht rustikalen Charakter dieses Weins zu bewahren, wurde vor der Abf\u00fcllung nur minimal filtriert.<\/span><\/p>\n<p><span class=\"red\">Noch jung, \u00fcberzeugt dieser Gamaret bereits jetzt mit Aromen von reifen roten Fr\u00fcchten, Pflaumen, Heidelbeeren \u2026 Idealerweise sollte er noch einige Monate reifen, um das volle Potenzial bei der Verkostung zu entfalten.<\/span><\/p>\n<p><strong>Genussreife<\/strong><br \/>\n1-4 Jahre<\/p>\n<p><strong>Trinktemperatur<\/strong><br \/>\n14\u00b0C<\/p>\n<p><strong>Analytische Daten<\/strong><br \/>\n12.5% vol, enth\u00e4lt Sulfite<\/p>\n<h4>Vergangene Jahrg\u00e4nge<\/h4>\n<p><a href=\"https:\/\/www.chateaudepraz.ch\/wp-content\/uploads\/vully-description-des-vins-2024-gamaret-de.pdf\">Beschrieb Ch\u00e2teau de Praz, Gamaret, 2024 &#8211; PDF<\/a><br \/>\n<a href=\"https:\/\/www.chateaudepraz.ch\/wp-content\/uploads\/beschrieb-chateau-de-praz-gamaret-2023-pdf-1.pdf\">Beschrieb Ch\u00e2teau de Praz, Gamaret, 2023 &#8211; PDF<\/a><br \/>\n<a href=\"https:\/\/www.chateaudepraz.ch\/wp-content\/uploads\/gam21.pdf\">Beschrieb Ch\u00e2teau de Praz, Gamaret, 2021 &#8211; PDF<\/a><br \/>\n<a href=\"https:\/\/www.chateaudepraz.ch\/wp-content\/uploads\/gamaret-20.pdf\">Beschrieb Ch\u00e2teau de Praz, Gamaret, 2020 &#8211; PDF<\/a><br \/>\n<a href=\"https:\/\/www.chateaudepraz.ch\/wp-content\/uploads\/gamaret-2019.pdf\">Beschrieb Ch\u00e2teau de Praz, Gamaret, 2019 &#8211; PDF<\/a><br \/>\n<a href=\"https:\/\/www.chateaudepraz.ch\/wp-content\/uploads\/gamaret-2018.pdf\">Beschrieb Ch\u00e2teau de Praz, Gamaret, 2018 \u2013 PDF<\/a><br \/>\n<a href=\"https:\/\/www.chateaudepraz.ch\/wp-content\/uploads\/gamaret-206.pdf\">Beschrieb Ch\u00e2teau de Praz, Gamaret, 2016 \u2013 PDF<\/a><\/p>\n","protected":false},"featured_media":9762,"template":"","meta":{"_acf_changed":false,"_exactmetrics_skip_tracking":false,"_exactmetrics_sitenote_active":false,"_exactmetrics_sitenote_note":"","_exactmetrics_sitenote_category":0},"product_brand":[],"product_cat":[384],"product_tag":[],"class_list":{"0":"post-3958","1":"product","2":"type-product","3":"status-publish","4":"has-post-thumbnail","6":"product_cat-rotweine","7":"pa_contenance-150-cl-de","8":"pa_contenance-50-cl-de","9":"pa_contenance-75-cl-de","11":"first","12":"instock","13":"taxable","14":"shipping-taxable","15":"purchasable","16":"product-type-variable","17":"has-default-attributes"},"acf":[],"_links":{"self":[{"href":"https:\/\/www.chateaudepraz.ch\/de\/wp-json\/wp\/v2\/product\/3958","targetHints":{"allow":["GET"]}}],"collection":[{"href":"https:\/\/www.chateaudepraz.ch\/de\/wp-json\/wp\/v2\/product"}],"about":[{"href":"https:\/\/www.chateaudepraz.ch\/de\/wp-json\/wp\/v2\/types\/product"}],"wp:featuredmedia":[{"embeddable":true,"href":"https:\/\/www.chateaudepraz.ch\/de\/wp-json\/wp\/v2\/media\/9762"}],"wp:attachment":[{"href":"https:\/\/www.chateaudepraz.ch\/de\/wp-json\/wp\/v2\/media?parent=3958"}],"wp:term":[{"taxonomy":"product_brand","embeddable":true,"href":"https:\/\/www.chateaudepraz.ch\/de\/wp-json\/wp\/v2\/product_brand?post=3958"},{"taxonomy":"product_cat","embeddable":true,"href":"https:\/\/www.chateaudepraz.ch\/de\/wp-json\/wp\/v2\/product_cat?post=3958"},{"taxonomy":"product_tag","embeddable":true,"href":"https:\/\/www.chateaudepraz.ch\/de\/wp-json\/wp\/v2\/product_tag?post=3958"}],"curies":[{"name":"wp","href":"https:\/\/api.w.org\/{rel}","templated":true}]}}