{"id":3962,"date":"2020-04-01T14:18:22","date_gmt":"2020-04-01T12:18:22","guid":{"rendered":"https:\/\/www.chateaudepraz.ch\/?post_type=product&#038;p=3962"},"modified":"2026-03-25T08:48:18","modified_gmt":"2026-03-25T07:48:18","slug":"%e1%83%a2%e1%83%a0%e1%83%90%e1%83%9b%e1%83%98%e1%83%9c%e1%83%94%e1%83%a0%e1%83%98-75cl","status":"publish","type":"product","link":"https:\/\/www.chateaudepraz.ch\/de\/produit\/%e1%83%a2%e1%83%a0%e1%83%90%e1%83%9b%e1%83%98%e1%83%9c%e1%83%94%e1%83%a0%e1%83%98-75cl\/","title":{"rendered":"\u10e1\u10dd\u10d5\u10d8\u10dc\u10d8\u10d0\u10d9\u10d8 2024"},"content":{"rendered":"<div class=\"the-content\"><p><img loading=\"lazy\" decoding=\"async\" class=\"alignnone size-full wp-image-8536\" src=\"https:\/\/www.chateaudepraz.ch\/wp-content\/uploads\/sauvignac-2024.png\" alt=\"\" width=\"1067\" height=\"1124\" srcset=\"https:\/\/www.chateaudepraz.ch\/wp-content\/uploads\/sauvignac-2024.png 1067w, https:\/\/www.chateaudepraz.ch\/wp-content\/uploads\/sauvignac-2024-484x510.png 484w, https:\/\/www.chateaudepraz.ch\/wp-content\/uploads\/sauvignac-2024-768x809.png 768w, https:\/\/www.chateaudepraz.ch\/wp-content\/uploads\/sauvignac-2024-600x632.png 600w, https:\/\/www.chateaudepraz.ch\/wp-content\/uploads\/sauvignac-2024-300x316.png 300w, https:\/\/www.chateaudepraz.ch\/wp-content\/uploads\/sauvignac-2024-100x105.png 100w\" sizes=\"auto, (max-width: 1067px) 100vw, 1067px\" \/><\/p>\n<\/div>","protected":false},"excerpt":{"rendered":"<h4><strong>Oranger Wein<\/strong><span class=\"red\"><strong><br \/>\n<\/strong><\/span><\/h4>\n<p>Seit 2022 hat das Ch\u00e2teau de Praz sein Weinsortiment mit einem orangen Wein (mazerierter Weisswein) erweitert.<br \/>\nDiese Herstellungsmethode wird f\u00fcr weisse Rebsorten angewendet. Die festen Teile der Trauben, bestehend aus Schale und Kernen, werden erhalten und w\u00e4hrend der G\u00e4rung und dem Reifungsprozess regelm\u00e4ssig mit dem Saft von Hand vermischt. Dieses uralte traditionelle Verfahren kommt urspr\u00fcnglich aus Georgien.<br \/>\nDadurch entstehen einzigartige Aromen im Produkt, der grundlegend anders ist als bei einem Weisswein. Das Aussehen wird auch beeinflusst, indem der Wein einen gelb-rosa Farbton annimmt, daher der Name orangen Wein.<\/p>\n<p><strong>DEGUSTATIONSBESCHREIBE<\/strong><br \/>\n<a href=\"https:\/\/www.chateaudepraz.ch\/wp-content\/uploads\/pdf-7404-d.pdf\">Traminer Orange 2023 in &#8222;encore !&#8220;<\/a><\/p>\n<p><strong><span class=\"red\">SAUVIGNAC ORANGE 2024<br \/>\n<\/span><\/strong><span class=\"red\">Dies ist unsere erste Vinifikation von Sauvignac \u2013 dem \u201eNeuling\u201c in unserem Sortiment. Diese Rebsorte verspricht nicht nur aromareiche Weine und sie ist gegen\u00fcber den wichtigsten Rebkrankheiten besonders widerstandsf\u00e4hig. Der Sauvignac f\u00fcgt sich perfekt in unseren Ansatz einer nachhaltigen Weinproduktion ein.<\/span><\/p>\n<p><span class=\"red\">Da wir Herausforderungen lieben, haben wir uns entschieden, diese erste Ernte als Orange Wein in unseren Tonamphoren auszubauen.<\/span><\/p>\n<p><span class=\"red\">Im Schlossgarten wurden die Qvevri (Tonamphoren) mit entrappten Beeren (ohne Stiele) bef\u00fcllt. Trotz der k\u00fchlen Aussentemperaturen setzte die alkoholische G\u00e4rung spontan und z\u00fcgig ein.<\/span><\/p>\n<p><span class=\"red\">Nach georgischer Tradition wurden die festen Bestandteile \u2013 Schalen und Kerne \u2013 regelm\u00e4\u00dfig per Hand umger\u00fchrt, um sie mit dem Most in Kontakt zu halten. Diese Arbeit muss alle vier Stunden erfolgen. Wir haben uns rund um die Uhr abgewechselt, um diesem Brauch gerecht zu werden. Nach der G\u00e4rung blieb der Wein weitere sechs Monate auf dem Trester ohne weitere Pigeagen liegen.<\/span><\/p>\n<p><span class=\"red\">Durch diese besondere Vinifikation entwickelt der Wein ein v\u00f6llig neues Aromenspektrum: Honig, Minze, Bienenwachs, Rosinen, getrocknete Kr\u00e4uter, kandierte Fr\u00fcchte, Eisenkraut, Quitte, Kamille, Birne, Orangenbl\u00fcte\u2026 Am Gaumen zeigt sich eine elegante und feine Tanninstruktur.<\/span><\/p>\n<p><span class=\"red\">.<\/span><\/p>\n[video poster=\"https:\/\/www.chateaudepraz.ch\/wp-content\/uploads\/feier-74606.jpg\" width=\"1920\" height=\"1080\" mp4=\"https:\/\/www.chateaudepraz.ch\/wp-content\/uploads\/horizontal-chateau-de-praz-verkostung-traminer-orange-v2-1080-2mp4.mp4\"][\/video]\n<p><strong><br \/>\nGenussreife<\/strong><br \/>\nab 2026<\/p>\n<p><strong>Trinktemperatur<br \/>\n<\/strong>13\u00b0C<\/p>\n<p><strong>Analytische Daten<\/strong><br \/>\n12.4 %vol, enth\u00e4lt Sulfit<\/p>\n<p><strong>VERGANGENE JARG\u00c4NGE<br \/>\n<\/strong><a href=\"https:\/\/www.chateaudepraz.ch\/wp-content\/uploads\/vully-description-des-vins-2024-sauvignac-orange-de.pdf\">Beschrieb Ch\u00e2teau de Praz, Sauvignac Orange 2024 &#8211; PDF<\/a><br \/>\n<a href=\"https:\/\/www.chateaudepraz.ch\/wp-content\/uploads\/beschrieb-chateau-de-praz-traminer-orange-2023-pdf.pdf\">Beschrieb Ch\u00e2teau de Praz, Traminer Orange 2023 &#8211; PDF<\/a><br \/>\n<a href=\"https:\/\/www.chateaudepraz.ch\/wp-content\/uploads\/beschrieb-chateau-de-praz-freiburger-orange-2022-pdf.pdf\">Beschrieb Ch\u00e2teau de Praz, Freiburger Orange 2022 &#8211; PDF<\/a><\/p>\n<p>&nbsp;<\/p>\n","protected":false},"featured_media":9764,"template":"","meta":{"_acf_changed":false,"_exactmetrics_skip_tracking":false,"_exactmetrics_sitenote_active":false,"_exactmetrics_sitenote_note":"","_exactmetrics_sitenote_category":0},"product_brand":[],"product_cat":[435],"product_tag":[],"class_list":{"0":"post-3962","1":"product","2":"type-product","3":"status-publish","4":"has-post-thumbnail","6":"product_cat-rose-orangeweine","7":"pa_contenance-75-cl-de","9":"first","10":"instock","11":"taxable","12":"shipping-taxable","13":"purchasable","14":"product-type-variable","15":"has-default-attributes"},"acf":[],"_links":{"self":[{"href":"https:\/\/www.chateaudepraz.ch\/de\/wp-json\/wp\/v2\/product\/3962","targetHints":{"allow":["GET"]}}],"collection":[{"href":"https:\/\/www.chateaudepraz.ch\/de\/wp-json\/wp\/v2\/product"}],"about":[{"href":"https:\/\/www.chateaudepraz.ch\/de\/wp-json\/wp\/v2\/types\/product"}],"wp:featuredmedia":[{"embeddable":true,"href":"https:\/\/www.chateaudepraz.ch\/de\/wp-json\/wp\/v2\/media\/9764"}],"wp:attachment":[{"href":"https:\/\/www.chateaudepraz.ch\/de\/wp-json\/wp\/v2\/media?parent=3962"}],"wp:term":[{"taxonomy":"product_brand","embeddable":true,"href":"https:\/\/www.chateaudepraz.ch\/de\/wp-json\/wp\/v2\/product_brand?post=3962"},{"taxonomy":"product_cat","embeddable":true,"href":"https:\/\/www.chateaudepraz.ch\/de\/wp-json\/wp\/v2\/product_cat?post=3962"},{"taxonomy":"product_tag","embeddable":true,"href":"https:\/\/www.chateaudepraz.ch\/de\/wp-json\/wp\/v2\/product_tag?post=3962"}],"curies":[{"name":"wp","href":"https:\/\/api.w.org\/{rel}","templated":true}]}}