{"id":3963,"date":"2020-04-01T14:13:27","date_gmt":"2020-04-01T12:13:27","guid":{"rendered":"https:\/\/www.chateaudepraz.ch\/produit\/pinot-noir\/"},"modified":"2026-03-24T17:15:06","modified_gmt":"2026-03-24T16:15:06","slug":"pinot-noir","status":"publish","type":"product","link":"https:\/\/www.chateaudepraz.ch\/de\/produit\/pinot-noir\/","title":{"rendered":"Pinot Noir 2025"},"content":{"rendered":"<div class=\"the-content\"><p><img loading=\"lazy\" decoding=\"async\" class=\"alignnone size-full wp-image-9496\" src=\"https:\/\/www.chateaudepraz.ch\/wp-content\/uploads\/pinot-noir-2025.png\" alt=\"\" width=\"1067\" height=\"1124\" srcset=\"https:\/\/www.chateaudepraz.ch\/wp-content\/uploads\/pinot-noir-2025.png 1067w, https:\/\/www.chateaudepraz.ch\/wp-content\/uploads\/pinot-noir-2025-484x510.png 484w, https:\/\/www.chateaudepraz.ch\/wp-content\/uploads\/pinot-noir-2025-768x809.png 768w, https:\/\/www.chateaudepraz.ch\/wp-content\/uploads\/pinot-noir-2025-600x632.png 600w, https:\/\/www.chateaudepraz.ch\/wp-content\/uploads\/pinot-noir-2025-300x316.png 300w, https:\/\/www.chateaudepraz.ch\/wp-content\/uploads\/pinot-noir-2025-100x105.png 100w\" sizes=\"auto, (max-width: 1067px) 100vw, 1067px\" \/><\/p>\n<\/div>","protected":false},"excerpt":{"rendered":"<p>Der Pinot Noir ist die traditionelle rote Rebsorte des Vully. Auf unserem Weingut gibt es ihn in zwei Farbvarianten: Ros\u00e9 und Rot.<br \/>\nBei der roten Variante lassen wir bei der Lese besondere Sorgfalt walten, um eine schonende Extraktion zu erm\u00f6glichen, mit dem Ziel, einen Wein zu keltern, der sich durch Eleganz und Finesse auszeichnet.<\/p>\n<h4><span class=\"red\">Jahrgang 2024<\/span><\/h4>\n<p><span class=\"red\">Der Pinot Noir ist bekannt f\u00fcr seine kleinen, sehr kompakten Trauben, die ihn anf\u00e4llig f\u00fcr Botrytis machen. Die regnerischen Bedingungen der Ernte 2024 stellten eine echte Herausforderung f\u00fcr die Reifung der Trauben dar. Die sehr sorgf\u00e4ltige Sortierung bei der Ernte erwies sich als \u00e4usserst wertvoll f\u00fcr die sanfte und schonende Vinifikation, wie sie im Ch\u00e2teau de Praz praktiziert wird \u2013 das Ergebnis zeigt sich in der k\u00f6stlichen, saftigen Finesse dieses Weins.<\/span><\/p>\n<p><span class=\"red\">Eine spontane G\u00e4rung und eine sehr sanfte Extraktion wurden bevorzugt, um die Fruchtaromatik bestm\u00f6glich zur Geltung zu bringen.<\/span><\/p>\n<p><span class=\"red\">Dieser noch junge Wein ist elegant und ausdrucksstark, gepr\u00e4gt von Aromen schwarzer Beeren und Himbeeren. Eine feine w\u00fcrzige Note verleiht dem Bouquet zus\u00e4tzliche Komplexit\u00e4t. Der Auftakt ist weich und wird von einer sch\u00f6nen Frische getragen.<\/span><\/p>\n<p><span class=\"red\">Dieser Wein passt perfekt zu einem eleganten Gericht wie Roastbeef, Filet Mignon vom Schwein oder auch zu Pilzpfanne.<\/span><\/p>\n<p><strong>Genussreife<\/strong><br \/>\nAm besten jung trinken, um die Frische zu geniessen \u2013 jedoch 1 bis 3 Jahre lagerf\u00e4hig.<\/p>\n<p><strong>Trinktemperatur<\/strong><br \/>\n14\u00b0C<\/p>\n<p><strong>Analytische Daten<\/strong><br \/>\n13% vol, enth\u00e4lt Sulfite<\/p>\n<h4>Vergangene Jahrg\u00e4nge<\/h4>\n<p><a href=\"https:\/\/www.chateaudepraz.ch\/wp-content\/uploads\/vully-description-des-vins-2024-pinot-noir-de.pdf\">Beschrieb Ch\u00e2teau de Praz, Pinot Noir, 2024 &#8211; PDF<\/a><br \/>\n<a href=\"https:\/\/www.chateaudepraz.ch\/wp-content\/uploads\/beschrieb-chateau-de-praz-pinot-noir-2023-pdf.pdf\">Beschrieb Ch\u00e2teau de Praz, Pinot Noir, 2023 &#8211; PDF<\/a><br \/>\n<a href=\"https:\/\/www.chateaudepraz.ch\/wp-content\/uploads\/beschrieb-chateau-de-praz-pinot-noir-2022-pdf.pdf\">Beschrieb Ch\u00e2teau de Praz, Pinot Noir, 2022 &#8211; PDF<\/a><br \/>\n<a href=\"https:\/\/www.chateaudepraz.ch\/wp-content\/uploads\/pn21.pdf\">Beschrieb Ch\u00e2teau de Praz, Pinot Noir, 2021 &#8211; PDF<\/a><br \/>\n<a href=\"https:\/\/www.chateaudepraz.ch\/wp-content\/uploads\/pinot-noir-20.pdf\">Beschrieb Ch\u00e2teau de Praz, Pinot Noir, 2020 &#8211; PDF<\/a><br \/>\n<a href=\"https:\/\/www.chateaudepraz.ch\/wp-content\/uploads\/pinot-noir-2019.pdf\">Beschrieb Ch\u00e2teau de Praz, Pinot Noir, 2019 &#8211; PDF<\/a><br \/>\n<a href=\"https:\/\/www.chateaudepraz.ch\/wp-content\/uploads\/pinot-noir-2018.pdf\">Beschrieb Ch\u00e2teau de Praz, Pinot Noir, 2018 \u2013 PDF<\/a><br \/>\n<a href=\"https:\/\/www.chateaudepraz.ch\/wp-content\/uploads\/pinot-noir-2017.pdf\">Beschrieb Ch\u00e2teau de Praz, Pinot Noir, 2017 \u2013 PDF<\/a><\/p>\n","protected":false},"featured_media":9770,"template":"","meta":{"_acf_changed":false,"_exactmetrics_skip_tracking":false,"_exactmetrics_sitenote_active":false,"_exactmetrics_sitenote_note":"","_exactmetrics_sitenote_category":0},"product_brand":[],"product_cat":[384],"product_tag":[],"class_list":{"0":"post-3963","1":"product","2":"type-product","3":"status-publish","4":"has-post-thumbnail","6":"product_cat-rotweine","7":"pa_contenance-150-cl-de","8":"pa_contenance-50-cl-de","9":"pa_contenance-75-cl-de","11":"first","12":"instock","13":"taxable","14":"shipping-taxable","15":"purchasable","16":"product-type-variable","17":"has-default-attributes"},"acf":[],"_links":{"self":[{"href":"https:\/\/www.chateaudepraz.ch\/de\/wp-json\/wp\/v2\/product\/3963","targetHints":{"allow":["GET"]}}],"collection":[{"href":"https:\/\/www.chateaudepraz.ch\/de\/wp-json\/wp\/v2\/product"}],"about":[{"href":"https:\/\/www.chateaudepraz.ch\/de\/wp-json\/wp\/v2\/types\/product"}],"wp:featuredmedia":[{"embeddable":true,"href":"https:\/\/www.chateaudepraz.ch\/de\/wp-json\/wp\/v2\/media\/9770"}],"wp:attachment":[{"href":"https:\/\/www.chateaudepraz.ch\/de\/wp-json\/wp\/v2\/media?parent=3963"}],"wp:term":[{"taxonomy":"product_brand","embeddable":true,"href":"https:\/\/www.chateaudepraz.ch\/de\/wp-json\/wp\/v2\/product_brand?post=3963"},{"taxonomy":"product_cat","embeddable":true,"href":"https:\/\/www.chateaudepraz.ch\/de\/wp-json\/wp\/v2\/product_cat?post=3963"},{"taxonomy":"product_tag","embeddable":true,"href":"https:\/\/www.chateaudepraz.ch\/de\/wp-json\/wp\/v2\/product_tag?post=3963"}],"curies":[{"name":"wp","href":"https:\/\/api.w.org\/{rel}","templated":true}]}}